{"id":27,"date":"2023-07-13T15:18:28","date_gmt":"2023-07-13T13:18:28","guid":{"rendered":"http:\/\/maurlas.cluster029.hosting.ovh.net\/?page_id=27"},"modified":"2025-04-22T10:51:29","modified_gmt":"2025-04-22T08:51:29","slug":"videos","status":"publish","type":"page","link":"http:\/\/electrokorps.com\/","title":{"rendered":"VIDEOS"},"content":{"rendered":"\n<p><strong>WRATH AND HUNGER<\/strong><\/p>\n\n\n\n<p><\/p>\n\n\n\n<figure class=\"wp-block-embed is-type-video is-provider-youtube wp-block-embed-youtube wp-embed-aspect-16-9 wp-has-aspect-ratio\"><div class=\"wp-block-embed__wrapper\">\n<iframe loading=\"lazy\" title=\"HUNGER AND WRATH\" width=\"840\" height=\"473\" src=\"https:\/\/www.youtube.com\/embed\/5yrDp6k2_yc?feature=oembed\" frameborder=\"0\" allow=\"accelerometer; autoplay; clipboard-write; encrypted-media; gyroscope; picture-in-picture; web-share\" referrerpolicy=\"strict-origin-when-cross-origin\" allowfullscreen><\/iframe>\n<\/div><\/figure>\n\n\n\n<p>First Electrokorps video music. Beyond the difficulty of living, sometimes of surviving, beyond \u00ab\u00a0Wrath and hunger \u00a0\u00bb sometimes hope is nourished by hands stretched out towards one another, sometimes hope is nourished by a raised fist calling for \u00ab\u00a0no\u00a0\u00bb. Let&rsquo;s get moving!<\/p>\n\n\n\n<p>Premier clip vid\u00e9o d&rsquo; Electrokorps. Au-del\u00e0 de la difficult\u00e9 de vivre, parfois de survivre, au-del\u00e0 de la \u00ab\u00a0col\u00e8re et de la faim\u00a0\u00bb, parfois l&rsquo;espoir se nourrit de mains tendues vers l&rsquo;autre, parfois l&rsquo;espoir se nourrit d&rsquo;un poing lev\u00e9 qui appelle au \u00ab\u00a0non\u00a0\u00bb. En route !<\/p>\n\n\n\n<p><\/p>\n\n\n\n<p><strong>IN CAGE<\/strong><\/p>\n\n\n\n<p><\/p>\n\n\n\n<p>Let&rsquo;s go for something new\u2026 an entire track made from a prepared piano (dear to John Cage), a drum machine, effects and filters\u2026<br>On the road to a neo-contemporary dancefloor !<\/p>\n\n\n\n<figure class=\"wp-block-embed is-type-video is-provider-youtube wp-block-embed-youtube wp-embed-aspect-16-9 wp-has-aspect-ratio\"><div class=\"wp-block-embed__wrapper\">\n<iframe loading=\"lazy\" title=\"IN CAGE\" width=\"840\" height=\"473\" src=\"https:\/\/www.youtube.com\/embed\/YIQogPSkvSE?feature=oembed\" frameborder=\"0\" allow=\"accelerometer; autoplay; clipboard-write; encrypted-media; gyroscope; picture-in-picture; web-share\" referrerpolicy=\"strict-origin-when-cross-origin\" allowfullscreen><\/iframe>\n<\/div><\/figure>\n\n\n\n<figure class=\"wp-block-embed is-type-video is-provider-youtube wp-block-embed-youtube wp-embed-aspect-4-3 wp-has-aspect-ratio\"><div class=\"wp-block-embed__wrapper\">\n<iframe loading=\"lazy\" title=\"DISCO BUS PALLADIUM\" width=\"840\" height=\"630\" src=\"https:\/\/www.youtube.com\/embed\/N1RmlAbuVxg?feature=oembed\" frameborder=\"0\" allow=\"accelerometer; autoplay; clipboard-write; encrypted-media; gyroscope; picture-in-picture; web-share\" referrerpolicy=\"strict-origin-when-cross-origin\" allowfullscreen><\/iframe>\n<\/div><\/figure>\n\n\n\n<figure class=\"wp-block-embed is-type-video is-provider-youtube wp-block-embed-youtube wp-embed-aspect-16-9 wp-has-aspect-ratio\"><div class=\"wp-block-embed__wrapper\">\n<iframe loading=\"lazy\" title=\"We don&#039;t want rat race\" width=\"840\" height=\"473\" src=\"https:\/\/www.youtube.com\/embed\/vux6U2975X0?feature=oembed\" frameborder=\"0\" allow=\"accelerometer; autoplay; clipboard-write; encrypted-media; gyroscope; picture-in-picture; web-share\" referrerpolicy=\"strict-origin-when-cross-origin\" allowfullscreen><\/iframe>\n<\/div><\/figure>\n","protected":false},"excerpt":{"rendered":"<p>WRATH AND HUNGER First Electrokorps video music. Beyond the difficulty of living, sometimes of surviving, beyond \u00ab\u00a0Wrath and hunger \u00a0\u00bb sometimes hope is nourished by hands stretched out towards one another, sometimes hope is nourished by a raised fist calling for \u00ab\u00a0no\u00a0\u00bb. Let&rsquo;s get moving! <span class=\"read-more\"><a class=\"more-link btn btn-transparent\" href=\"http:\/\/electrokorps.com\/\">Lire la suite . . .<\/a><\/span><\/p>\n","protected":false},"author":1,"featured_media":0,"parent":0,"menu_order":0,"comment_status":"closed","ping_status":"closed","template":"","meta":{"footnotes":""},"class_list":["post-27","page","type-page","status-publish","hentry"],"_links":{"self":[{"href":"http:\/\/electrokorps.com\/index.php\/wp-json\/wp\/v2\/pages\/27","targetHints":{"allow":["GET"]}}],"collection":[{"href":"http:\/\/electrokorps.com\/index.php\/wp-json\/wp\/v2\/pages"}],"about":[{"href":"http:\/\/electrokorps.com\/index.php\/wp-json\/wp\/v2\/types\/page"}],"author":[{"embeddable":true,"href":"http:\/\/electrokorps.com\/index.php\/wp-json\/wp\/v2\/users\/1"}],"replies":[{"embeddable":true,"href":"http:\/\/electrokorps.com\/index.php\/wp-json\/wp\/v2\/comments?post=27"}],"version-history":[{"count":13,"href":"http:\/\/electrokorps.com\/index.php\/wp-json\/wp\/v2\/pages\/27\/revisions"}],"predecessor-version":[{"id":170,"href":"http:\/\/electrokorps.com\/index.php\/wp-json\/wp\/v2\/pages\/27\/revisions\/170"}],"wp:attachment":[{"href":"http:\/\/electrokorps.com\/index.php\/wp-json\/wp\/v2\/media?parent=27"}],"curies":[{"name":"wp","href":"https:\/\/api.w.org\/{rel}","templated":true}]}}